{"id":1155,"date":"2025-05-28T12:04:26","date_gmt":"2025-05-28T12:04:26","guid":{"rendered":"https:\/\/eh-bodywork.ch\/massages-and-advice-since-2012\/sexological-bodywork\/"},"modified":"2025-06-11T15:26:31","modified_gmt":"2025-06-11T15:26:31","slug":"sexological-bodywork","status":"publish","type":"page","link":"https:\/\/eh-bodywork.ch\/en\/massages-and-advice-since-2012\/sexological-bodywork\/","title":{"rendered":"Sexological Bodywork Basel and Liestal &#8211; Experience sexuality in a new way"},"content":{"rendered":"\t\t<div data-elementor-type=\"wp-page\" data-elementor-id=\"1155\" class=\"elementor elementor-1155 elementor-1153\" data-elementor-post-type=\"page\">\n\t\t\t\t<div class=\"elementor-element elementor-element-5c262926 e-flex e-con-boxed e-con e-parent\" data-id=\"5c262926\" data-element_type=\"container\">\n\t\t\t\t\t<div class=\"e-con-inner\">\n\t\t\t\t<div class=\"elementor-element elementor-element-764b2398 elementor-widget elementor-widget-text-editor\" data-id=\"764b2398\" data-element_type=\"widget\" data-widget_type=\"text-editor.default\">\n\t\t\t\t<div class=\"elementor-widget-container\">\n\t\t\t\t\t\t\t\t\t<p>Bodywork combines counseling and somatic education. It is about the conscious deepening and further development of body awareness and the discovery of body wisdom: <\/p><ul><li>Experience and expand your erotic pleasure<\/li><li>Learning to recognize and communicate needs<\/li><li>Allow yourself to explore your own expressiveness with enjoyment<\/li><li>Experiencing and embodying your own sexual being (erotic embodiment)<\/li><\/ul><p>Bodywork is suitable for people who want to actively bring about change in their lives and who value dialog with support. It requires a willingness to experiment with life energy in a value-free and relationship-free way. Learning is deepened by experiencing your own body. Sexuality means lifelong learning. It is never too late.    <\/p>\t\t\t\t\t\t\t\t<\/div>\n\t\t\t\t<\/div>\n\t\t\t\t<div class=\"elementor-element elementor-element-f828fba elementor-widget elementor-widget-heading\" data-id=\"f828fba\" data-element_type=\"widget\" data-widget_type=\"heading.default\">\n\t\t\t\t<div class=\"elementor-widget-container\">\n\t\t\t\t\t<h2 class=\"elementor-heading-title elementor-size-default\">How a Sexological Bodywork session works for me<\/h2>\t\t\t\t<\/div>\n\t\t\t\t<\/div>\n\t\t\t\t<div class=\"elementor-element elementor-element-a3008bf elementor-widget elementor-widget-text-editor\" data-id=\"a3008bf\" data-element_type=\"widget\" data-widget_type=\"text-editor.default\">\n\t\t\t\t<div class=\"elementor-widget-container\">\n\t\t\t\t\t\t\t\t\t<p><strong>A session consists of:<\/strong><\/p><ul><li>Preliminary discussion with current personal topic<\/li><li>Mindful touch, massage, meditation<\/li><li>Follow-up discussion with exercise recommendations (breathing, movement mediation, mindful touch, body scanning and posture)<\/li><\/ul><p><strong>I use the following methods:<\/strong><\/p><ul><li>Body awareness exercises<\/li><li>Breathing exercises<\/li><li>Movement, dance, shaking<\/li><li>Vocal exercises<\/li><li>Self-touching<\/li><li>Full body touching \/ intimate area, if desired<\/li><\/ul><p>After a session of sexological bodywork, I can accompany and support my clients through telephone counseling.<\/p>\t\t\t\t\t\t\t\t<\/div>\n\t\t\t\t<\/div>\n\t\t\t\t<div class=\"elementor-element elementor-element-f899b96 elementor-widget elementor-widget-heading\" data-id=\"f899b96\" data-element_type=\"widget\" data-widget_type=\"heading.default\">\n\t\t\t\t<div class=\"elementor-widget-container\">\n\t\t\t\t\t<h2 class=\"elementor-heading-title elementor-size-default\">My training and qualifications as a Sexological Bodyworker<\/h2>\t\t\t\t<\/div>\n\t\t\t\t<\/div>\n\t\t\t\t<div class=\"elementor-element elementor-element-ed63245 elementor-widget elementor-widget-text-editor\" data-id=\"ed63245\" data-element_type=\"widget\" data-widget_type=\"text-editor.default\">\n\t\t\t\t<div class=\"elementor-widget-container\">\n\t\t\t\t\t\t\t\t\t<p>I have been working as an IISB\u00ae bodyworker, IISB\u00ae masseuse and somatic counselor in the field of sexuality since 2012. I expand my training and my activities at home and abroad with continuous further training (e.g. Klinik Sch\u00fctzen Rheinfelden &#8211; sexual medicine and internal association training). I am a member of the EASB (European Association of Sexological Bodyworkers) and work in my own practice.  <\/p>\t\t\t\t\t\t\t\t<\/div>\n\t\t\t\t<\/div>\n\t\t\t\t<div class=\"elementor-element elementor-element-21ecce5 elementor-widget elementor-widget-heading\" data-id=\"21ecce5\" data-element_type=\"widget\" data-widget_type=\"heading.default\">\n\t\t\t\t<div class=\"elementor-widget-container\">\n\t\t\t\t\t<h2 class=\"elementor-heading-title elementor-size-default\">Somatische Sexualberatung und Tantra Massage als Erg\u00e4nzung<\/h2>\t\t\t\t<\/div>\n\t\t\t\t<\/div>\n\t\t\t\t<div class=\"elementor-element elementor-element-edbe478 elementor-widget elementor-widget-text-editor\" data-id=\"edbe478\" data-element_type=\"widget\" data-widget_type=\"text-editor.default\">\n\t\t\t\t<div class=\"elementor-widget-container\">\n\t\t\t\t\t\t\t\t\t<p>I have been working as an IISB\u00ae bodyworker, IISB\u00ae masseuse and somatic counselor in the field of sexuality since 2012. I expand my training and my activities at home and abroad with continuous further training (e.g. Klinik Sch\u00fctzen Rheinfelden &#8211; sexual medicine and internal association training). I am a member of the EASB (European Association of Sexological Bodyworkers) and work in my own practice.  <\/p><h2>Somatic sexual counseling and Tantra massage as a supplement<\/h2><p>Somatic sexual counseling is often an ideal introduction to bodywork. Your personal issues, such as sexual listlessness, arousal problems, unspoken desires regarding sexuality and intimacy, relationship problems, etc. can be discussed. <\/p><p>A tantra massage allows a conscious and holistic immersion in a sensual experience. The body as the temple of the soul is at the center of the ritual. <\/p><h2>Offer and prices (CHF) for Sexological Bodywork in Basel or Liestal Individual sessions &#8211; series of 3 \/ series of 5 by arrangement<\/h2><table id=\"pricelist\"><tbody><tr><th> <\/th><th>1 hr.<\/th><th>1.5 hrs.<\/th><th>2 hrs.<\/th><\/tr><tr><td>Foot reflexology massage, incl. Foot bath, exfoliation, tea, conversation<br>Sexological Bodywork (counseling + bodywork)<\/td><td>250.-<\/td><td>300.-<\/td><td>350.-<\/td><\/tr><\/tbody><\/table><p>Appointments by arrangement<\/p><h2>FAQ on bodywork (body-oriented sex work)<\/h2><p><em>What is bodywork?<\/em><br>Bodywork refers to a variety of methods and techniques that promote physical well-being and physical health. These practices can include physical exercises, massage, dance or breathing techniques and help to harmonize the body and mind <\/p><p>Sexological bodywork enables a deepened perception of one&#8217;s own body and the connection to one&#8217;s own sexual feelings &#8211; such as lust, liveliness, listlessness, longing for fulfillment, feeling of being disconnected<\/p><p>Sexological Bodywork is a method that accompanies people to new experiences with their body, their sensory perception and their sexuality. In contrast to conventional sexual counseling or sexual therapy, sexological bodywork incorporates full-body and genital massage into the work.  Learning is deepened by experiencing it on your own body. Somatic learning can expand and deepen the emotional and erotic potential that our body holds.<\/p><p>Sexological bodyworkers use a variety of methods to help people achieve body awareness and a sense of \u201cconnectedness\u201d with their own bodies:<\/p><p>Somatic sexual counseling:<\/p><ul><li>Discussing and reflecting on your own sexuality and that of your partner<\/li><li>New impulses and experiences through counseling sessions and bodywork<\/li><\/ul><p>Knowledge transfer on all aspects of sexuality:<\/p><ul><li>Gender-specific anatomy<\/li><li>Forms of arousal, libido, orgasm&#8230;<\/li><\/ul><p>Body-oriented sexual work:<\/p><ul><li>Training of physical perception<\/li><li>Mindful touch with various massage techniques<\/li><li>Massage of the genitals<\/li><li>Pelvic floor and anal massages<\/li><li>Orgasmic Yoga (consciously practiced self-love)<\/li><\/ul><p>*It combines body-oriented sexual counseling with sexological bodywork. Using various methods such as breathing, touch, movement, massage and communication, people find more body awareness and an authentic expression of their sexuality. <\/p><p><em>What do sexological bodywokers do?<\/em><br>With bodywork, you get to know your body and can influence it to dissolve blockages, tension, resistance and energy imbalances in the fascia, muscle and nervous system<\/p><p><em>Who invented sexological bodywork?<\/em><br>The method was developed by the American theologian and sexologist Joseph Kramer (born 1947). He is the founder of the Body Electric School and the profession of Sexological Bodywork. <\/p>\t\t\t\t\t\t\t\t<\/div>\n\t\t\t\t<\/div>\n\t\t\t\t<div class=\"elementor-element elementor-element-2422ea7 elementor-widget elementor-widget-heading\" data-id=\"2422ea7\" data-element_type=\"widget\" data-widget_type=\"heading.default\">\n\t\t\t\t<div class=\"elementor-widget-container\">\n\t\t\t\t\t<h2 class=\"elementor-heading-title elementor-size-default\">Angebot und Preise (CHF) f\u00fcr Sexological Bodywork in Basel oder Liestal Einzelsitzungen \u2013 3er Serien \/ 5er Serien gem\u00e4ss Absprache<\/h2>\t\t\t\t<\/div>\n\t\t\t\t<\/div>\n\t\t\t\t<div class=\"elementor-element elementor-element-808bc9a elementor-widget elementor-widget-text-editor\" data-id=\"808bc9a\" data-element_type=\"widget\" data-widget_type=\"text-editor.default\">\n\t\t\t\t<div class=\"elementor-widget-container\">\n\t\t\t\t\t\t\t\t\t<table id=\"pricelist\">\n<tbody>\n<tr>\n<th><\/th>\n<th>1 Std.<\/th>\n<th>1.5 Std.<\/th>\n<th>2 Std.<\/th>\n<\/tr>\n<tr>\n<td>Fussreflexzonen-Massage, inkl. Fussbad, Peeling, Tee, Gespr\u00e4ch\nSexological Bodywork (Beratung + K\u00f6rperarbeit)<\/td>\n<td>250.-<\/td>\n<td>300.-<\/td>\n<td>350.-<\/td>\n<\/tr>\n<\/tbody>\n<\/table>\n\nTermine nach Vereinbarung\t\t\t\t\t\t\t\t<\/div>\n\t\t\t\t<\/div>\n\t\t\t\t<div class=\"elementor-element elementor-element-cff6b5a elementor-widget elementor-widget-heading\" data-id=\"cff6b5a\" data-element_type=\"widget\" data-widget_type=\"heading.default\">\n\t\t\t\t<div class=\"elementor-widget-container\">\n\t\t\t\t\t<h2 class=\"elementor-heading-title elementor-size-default\">FAQ zu Bodywork (k\u00f6rperorientierter Sexualarbeit)<\/h2>\t\t\t\t<\/div>\n\t\t\t\t<\/div>\n\t\t\t\t<div class=\"elementor-element elementor-element-65d5014 elementor-widget elementor-widget-n-accordion\" data-id=\"65d5014\" data-element_type=\"widget\" data-settings=\"{&quot;default_state&quot;:&quot;expanded&quot;,&quot;max_items_expended&quot;:&quot;one&quot;,&quot;n_accordion_animation_duration&quot;:{&quot;unit&quot;:&quot;ms&quot;,&quot;size&quot;:400,&quot;sizes&quot;:[]}}\" data-widget_type=\"nested-accordion.default\">\n\t\t\t\t<div class=\"elementor-widget-container\">\n\t\t\t\t\t\t\t<div class=\"e-n-accordion\" aria-label=\"Accordion. Open links with Enter or Space, close with Escape, and navigate with Arrow Keys\">\n\t\t\t\t\t\t<details id=\"e-n-accordion-item-1060\" class=\"e-n-accordion-item\" open>\n\t\t\t\t<summary class=\"e-n-accordion-item-title\" data-accordion-index=\"1\" tabindex=\"0\" aria-expanded=\"true\" aria-controls=\"e-n-accordion-item-1060\" >\n\t\t\t\t\t<span class='e-n-accordion-item-title-header'><div class=\"e-n-accordion-item-title-text\"> Was versteht man unter Bodywork? <\/div><\/span>\n\t\t\t\t\t\t\t<span class='e-n-accordion-item-title-icon'>\n\t\t\t<span class='e-opened' ><svg aria-hidden=\"true\" class=\"e-font-icon-svg e-fas-minus\" viewBox=\"0 0 448 512\" xmlns=\"http:\/\/www.w3.org\/2000\/svg\"><path d=\"M416 208H32c-17.67 0-32 14.33-32 32v32c0 17.67 14.33 32 32 32h384c17.67 0 32-14.33 32-32v-32c0-17.67-14.33-32-32-32z\"><\/path><\/svg><\/span>\n\t\t\t<span class='e-closed'><svg aria-hidden=\"true\" class=\"e-font-icon-svg e-fas-plus\" viewBox=\"0 0 448 512\" xmlns=\"http:\/\/www.w3.org\/2000\/svg\"><path d=\"M416 208H272V64c0-17.67-14.33-32-32-32h-32c-17.67 0-32 14.33-32 32v144H32c-17.67 0-32 14.33-32 32v32c0 17.67 14.33 32 32 32h144v144c0 17.67 14.33 32 32 32h32c17.67 0 32-14.33 32-32V304h144c17.67 0 32-14.33 32-32v-32c0-17.67-14.33-32-32-32z\"><\/path><\/svg><\/span>\n\t\t<\/span>\n\n\t\t\t\t\t\t<\/summary>\n\t\t\t\t<div role=\"region\" aria-labelledby=\"e-n-accordion-item-1060\" class=\"elementor-element elementor-element-d2ccf9c e-con-full e-flex e-con e-child\" data-id=\"d2ccf9c\" data-element_type=\"container\">\n\t\t\t\t<div class=\"elementor-element elementor-element-e0f223f elementor-widget elementor-widget-text-editor\" data-id=\"e0f223f\" data-element_type=\"widget\" data-widget_type=\"text-editor.default\">\n\t\t\t\t<div class=\"elementor-widget-container\">\n\t\t\t\t\t\t\t\t\t<p>K\u00f6rperarbeit bezeichnet eine Vielzahl von Methoden und Techniken, die das k\u00f6rperliche Wohlbefinden und die k\u00f6rperliche Gesundheit f\u00f6rdern. Diese Praktiken k\u00f6nnen k\u00f6rperliche \u00dcbungen, Massage, Tanz oder Atemtechniken umfassen und helfen dabei, den K\u00f6rper und Geist in Einklang zu bringen<\/p><p>Sexologische K\u00f6rperarbeit erm\u00f6glicht eine vertiefte Wahrnehmung des eigenen K\u00f6rpers und der Verbindung zum eigenen sexuellen Empfinden &#8211; wie Lust, Lebendigkeit, Unlust, Sehnsucht nach Erf\u00fcllung, Gef\u00fchl des abgetrennt-seins<\/p><p>Sexological Bodywork ist eine Methode welche Menschen zu neuen Erfahrungen mit ihrem K\u00f6rper, ihrer Sinneswahrnehmung und ihrer Sexualit\u00e4t begleitet. Im Vergleich zur herk\u00f6mmlichen Sexualberatung oder Sexualtherapie bezieht Sexological Bodywork Ganzk\u00f6rper- und Genitalmassage in die Arbeit mit ein. Lernen wird durch das Erleben am eigenen K\u00f6rper vertieft. Durch das somatische Lernen kann das emotionale und erotische Potential, welches unser K\u00f6rper in sich birgt, erweitert und vertieft werden.<\/p><p>Sexological Bodyworker wenden eine Vielzahl von Methoden an, um Menschen zu K\u00f6rperbewusstsein und einem Gef\u00fchl des \u201eVerbunden-Seins\u201c mit ihrem eigenen K\u00f6rper zu begleiten:<\/p><p>Somatische Sexualberatung:<\/p><ul><li>Auseinandersetzung und Reflektion \u00fcber eigene und partnerschaftliche Sexualit\u00e4t<\/li><li>Neue Impulse und Erfahrungen durch Beratungsgespr\u00e4ch und K\u00f6rperarbeit<\/li><\/ul><p>Wissensvermittlung rund um die Fragen der Sexualit\u00e4t:<\/p><ul><li>geschlechterspezifische Anatomie<\/li><li>Erregungsformen, Libido, Orgasmus\u2026<\/li><\/ul><p>K\u00f6rperorientierte Sexualarbeit:<\/p><ul><li>Schulung der k\u00f6rperlichen Wahrnehmung<\/li><li>Achtsame Ber\u00fchrung mit verschiedenen Massagetechniken<\/li><li>Massage der Genitalien<\/li><li>Beckenboden- und Analmassagen<\/li><li>Orgasmic Yoga (bewusst praktizierte Selbstliebe)<\/li><\/ul><p><em>*Sie verbindet k\u00f6rperorientierte Sexualberatung mit sexologischer K\u00f6rperarbeit. Mit verschiedenen Methoden, wie Atmung, Ber\u00fchrung Bewegung, Massage und Kommunikation, finden Menschen zu mehr K\u00f6rperbewusstsein und einem authentischen Ausdruck ihrer Sexualit\u00e4t.<\/em><\/p>\t\t\t\t\t\t\t\t<\/div>\n\t\t\t\t<\/div>\n\t\t\t\t<\/div>\n\t\t\t\t\t<\/details>\n\t\t\t\t\t\t<details id=\"e-n-accordion-item-1061\" class=\"e-n-accordion-item\" >\n\t\t\t\t<summary class=\"e-n-accordion-item-title\" data-accordion-index=\"2\" tabindex=\"-1\" aria-expanded=\"false\" aria-controls=\"e-n-accordion-item-1061\" >\n\t\t\t\t\t<span class='e-n-accordion-item-title-header'><div class=\"e-n-accordion-item-title-text\"> Was machen sexological BodywokerInnen? <\/div><\/span>\n\t\t\t\t\t\t\t<span class='e-n-accordion-item-title-icon'>\n\t\t\t<span class='e-opened' ><svg aria-hidden=\"true\" class=\"e-font-icon-svg e-fas-minus\" viewBox=\"0 0 448 512\" xmlns=\"http:\/\/www.w3.org\/2000\/svg\"><path d=\"M416 208H32c-17.67 0-32 14.33-32 32v32c0 17.67 14.33 32 32 32h384c17.67 0 32-14.33 32-32v-32c0-17.67-14.33-32-32-32z\"><\/path><\/svg><\/span>\n\t\t\t<span class='e-closed'><svg aria-hidden=\"true\" class=\"e-font-icon-svg e-fas-plus\" viewBox=\"0 0 448 512\" xmlns=\"http:\/\/www.w3.org\/2000\/svg\"><path d=\"M416 208H272V64c0-17.67-14.33-32-32-32h-32c-17.67 0-32 14.33-32 32v144H32c-17.67 0-32 14.33-32 32v32c0 17.67 14.33 32 32 32h144v144c0 17.67 14.33 32 32 32h32c17.67 0 32-14.33 32-32V304h144c17.67 0 32-14.33 32-32v-32c0-17.67-14.33-32-32-32z\"><\/path><\/svg><\/span>\n\t\t<\/span>\n\n\t\t\t\t\t\t<\/summary>\n\t\t\t\t<div role=\"region\" aria-labelledby=\"e-n-accordion-item-1061\" class=\"elementor-element elementor-element-ccc21d1 e-con-full e-flex e-con e-child\" data-id=\"ccc21d1\" data-element_type=\"container\">\n\t\t\t\t<div class=\"elementor-element elementor-element-c125cf3 elementor-widget elementor-widget-text-editor\" data-id=\"c125cf3\" data-element_type=\"widget\" data-widget_type=\"text-editor.default\">\n\t\t\t\t<div class=\"elementor-widget-container\">\n\t\t\t\t\t\t\t\t\t<p>Mit Bodywork lernen sie ihren K\u00f6rper kennen und k\u00f6nnen ihn beeinflussen, dass sich Blockaden, Verspannungen, Widerst\u00e4nde und Energiestaus im Faszien-, Muskel- und Nervensystem aufl\u00f6sen<\/p>\t\t\t\t\t\t\t\t<\/div>\n\t\t\t\t<\/div>\n\t\t\t\t<\/div>\n\t\t\t\t\t<\/details>\n\t\t\t\t\t\t<details id=\"e-n-accordion-item-1062\" class=\"e-n-accordion-item\" >\n\t\t\t\t<summary class=\"e-n-accordion-item-title\" data-accordion-index=\"3\" tabindex=\"-1\" aria-expanded=\"false\" aria-controls=\"e-n-accordion-item-1062\" >\n\t\t\t\t\t<span class='e-n-accordion-item-title-header'><div class=\"e-n-accordion-item-title-text\"> Wer hat Sexological Bodywork erfunden? <\/div><\/span>\n\t\t\t\t\t\t\t<span class='e-n-accordion-item-title-icon'>\n\t\t\t<span class='e-opened' ><svg aria-hidden=\"true\" class=\"e-font-icon-svg e-fas-minus\" viewBox=\"0 0 448 512\" xmlns=\"http:\/\/www.w3.org\/2000\/svg\"><path d=\"M416 208H32c-17.67 0-32 14.33-32 32v32c0 17.67 14.33 32 32 32h384c17.67 0 32-14.33 32-32v-32c0-17.67-14.33-32-32-32z\"><\/path><\/svg><\/span>\n\t\t\t<span class='e-closed'><svg aria-hidden=\"true\" class=\"e-font-icon-svg e-fas-plus\" viewBox=\"0 0 448 512\" xmlns=\"http:\/\/www.w3.org\/2000\/svg\"><path d=\"M416 208H272V64c0-17.67-14.33-32-32-32h-32c-17.67 0-32 14.33-32 32v144H32c-17.67 0-32 14.33-32 32v32c0 17.67 14.33 32 32 32h144v144c0 17.67 14.33 32 32 32h32c17.67 0 32-14.33 32-32V304h144c17.67 0 32-14.33 32-32v-32c0-17.67-14.33-32-32-32z\"><\/path><\/svg><\/span>\n\t\t<\/span>\n\n\t\t\t\t\t\t<\/summary>\n\t\t\t\t<div role=\"region\" aria-labelledby=\"e-n-accordion-item-1062\" class=\"elementor-element elementor-element-9c14d45 e-con-full e-flex e-con e-child\" data-id=\"9c14d45\" data-element_type=\"container\">\n\t\t\t\t<div class=\"elementor-element elementor-element-939205c elementor-widget elementor-widget-text-editor\" data-id=\"939205c\" data-element_type=\"widget\" data-widget_type=\"text-editor.default\">\n\t\t\t\t<div class=\"elementor-widget-container\">\n\t\t\t\t\t\t\t\t\t<p>Entwickelt wurde die Methode von dem US-amerikanischen Theologen und Sexologen Joseph Kramer (geb. 1947). Er ist der Gr\u00fcnder der Body Electric School und des Berufs der Sexological Bodywork.<\/p>\t\t\t\t\t\t\t\t<\/div>\n\t\t\t\t<\/div>\n\t\t\t\t<\/div>\n\t\t\t\t\t<\/details>\n\t\t\t\t\t<\/div>\n\t\t\t\t\t\t<\/div>\n\t\t\t\t<\/div>\n\t\t\t\t\t<\/div>\n\t\t\t\t<\/div>\n\t\t\t\t<\/div>\n\t\t","protected":false},"excerpt":{"rendered":"<p>Bodywork combines counseling and somatic education. It is about the conscious deepening and further development of body awareness and the discovery of body wisdom: Experience and expand your erotic pleasure Learning to recognize and communicate needs Allow yourself to explore your own expressiveness with enjoyment Experiencing and embodying your own sexual being (erotic embodiment) Bodywork [&hellip;]<\/p>\n","protected":false},"author":3,"featured_media":0,"parent":1102,"menu_order":0,"comment_status":"closed","ping_status":"closed","template":"page-full.php","meta":{"_acf_changed":false,"footnotes":""},"class_list":["post-1155","page","type-page","status-publish","hentry"],"acf":[],"_links":{"self":[{"href":"https:\/\/eh-bodywork.ch\/en\/wp-json\/wp\/v2\/pages\/1155","targetHints":{"allow":["GET"]}}],"collection":[{"href":"https:\/\/eh-bodywork.ch\/en\/wp-json\/wp\/v2\/pages"}],"about":[{"href":"https:\/\/eh-bodywork.ch\/en\/wp-json\/wp\/v2\/types\/page"}],"author":[{"embeddable":true,"href":"https:\/\/eh-bodywork.ch\/en\/wp-json\/wp\/v2\/users\/3"}],"replies":[{"embeddable":true,"href":"https:\/\/eh-bodywork.ch\/en\/wp-json\/wp\/v2\/comments?post=1155"}],"version-history":[{"count":20,"href":"https:\/\/eh-bodywork.ch\/en\/wp-json\/wp\/v2\/pages\/1155\/revisions"}],"predecessor-version":[{"id":1438,"href":"https:\/\/eh-bodywork.ch\/en\/wp-json\/wp\/v2\/pages\/1155\/revisions\/1438"}],"up":[{"embeddable":true,"href":"https:\/\/eh-bodywork.ch\/en\/wp-json\/wp\/v2\/pages\/1102"}],"wp:attachment":[{"href":"https:\/\/eh-bodywork.ch\/en\/wp-json\/wp\/v2\/media?parent=1155"}],"curies":[{"name":"wp","href":"https:\/\/api.w.org\/{rel}","templated":true}]}}